{"id":8,"date":"2021-12-01T09:51:08","date_gmt":"2021-12-01T09:51:08","guid":{"rendered":"https:\/\/gutleut.org\/schoen28\/?page_id=8"},"modified":"2021-12-09T09:57:34","modified_gmt":"2021-12-09T09:57:34","slug":"kontakt","status":"publish","type":"page","link":"https:\/\/gutleut.org\/schoen28\/index.php\/kontakt\/","title":{"rendered":"Kontakt"},"content":{"rendered":"\n<p><strong>InitiativenLaden Sch\u00f6n28<\/strong><br>Sch\u00f6nstr. 28<br>60327 Frankfurt\/Main<br><br><strong>Spendenkonto:<\/strong><br>Konto: Libertad!<br>IBAN: DE64 4306 0967 8020 0685 00<br>BIC: GENODEM1GLS<br>Zweck: Sch\u00f6n28-Spende<br><br><br>Wenn du mit uns Kontakt aufnehmen willst. schreibe uns eine Nachricht:<\/p>\n\n\n\n<p><\/p>\n\n\n\n<div class=\"wp-block-contact-form-7-contact-form-selector\"><div role=\"form\" class=\"wpcf7\" id=\"wpcf7-f43-o1\" lang=\"de-DE\" dir=\"ltr\">\n<div class=\"screen-reader-response\"><p role=\"status\" aria-live=\"polite\" aria-atomic=\"true\"><\/p> <ul><\/ul><\/div>\n<form action=\"\/schoen28\/index.php\/wp-json\/wp\/v2\/pages\/8#wpcf7-f43-o1\" method=\"post\" class=\"wpcf7-form init\" novalidate=\"novalidate\" data-status=\"init\">\n<div style=\"display: none;\">\n<input type=\"hidden\" name=\"_wpcf7\" value=\"43\" \/>\n<input type=\"hidden\" name=\"_wpcf7_version\" value=\"5.6.3\" \/>\n<input type=\"hidden\" name=\"_wpcf7_locale\" value=\"de_DE\" \/>\n<input type=\"hidden\" name=\"_wpcf7_unit_tag\" value=\"wpcf7-f43-o1\" \/>\n<input type=\"hidden\" name=\"_wpcf7_container_post\" value=\"0\" \/>\n<input type=\"hidden\" name=\"_wpcf7_posted_data_hash\" value=\"\" \/>\n<\/div>\n<p><label> Dein Name<br \/>\n    <span class=\"wpcf7-form-control-wrap\" data-name=\"your-name\"><input type=\"text\" name=\"your-name\" value=\"\" size=\"40\" class=\"wpcf7-form-control wpcf7-text wpcf7-validates-as-required\" aria-required=\"true\" aria-invalid=\"false\" \/><\/span> <\/label><\/p>\n<p><label> Deine E-Mail-Adresse<br \/>\n    <span class=\"wpcf7-form-control-wrap\" data-name=\"your-email\"><input type=\"email\" name=\"your-email\" value=\"\" size=\"40\" class=\"wpcf7-form-control wpcf7-text wpcf7-email wpcf7-validates-as-required wpcf7-validates-as-email\" aria-required=\"true\" aria-invalid=\"false\" \/><\/span> <\/label><\/p>\n<p><label> Betreff<br \/>\n    <span class=\"wpcf7-form-control-wrap\" data-name=\"your-subject\"><input type=\"text\" name=\"your-subject\" value=\"\" size=\"40\" class=\"wpcf7-form-control wpcf7-text wpcf7-validates-as-required\" aria-required=\"true\" aria-invalid=\"false\" \/><\/span> <\/label><\/p>\n<p><label> Deine Nachricht (optional)<br \/>\n    <span class=\"wpcf7-form-control-wrap\" data-name=\"your-message\"><textarea name=\"your-message\" cols=\"40\" rows=\"10\" class=\"wpcf7-form-control wpcf7-textarea\" aria-invalid=\"false\"><\/textarea><\/span> <\/label><\/p>\n<p><input type=\"submit\" value=\"Senden\" class=\"wpcf7-form-control has-spinner wpcf7-submit\" \/><\/p>\n<div class=\"wpcf7-response-output\" aria-hidden=\"true\"><\/div><\/form><\/div><\/div>\n","protected":false},"excerpt":{"rendered":"<p>InitiativenLaden Sch\u00f6n28Sch\u00f6nstr. 2860327 Frankfurt\/Main Spendenkonto:Konto: Libertad!IBAN: DE64 4306 0967 8020 0685 00BIC: GENODEM1GLSZweck: Sch\u00f6n28-Spende Wenn du mit uns Kontakt aufnehmen willst. schreibe uns eine Nachricht:<\/p>\n","protected":false},"author":1,"featured_media":0,"parent":0,"menu_order":0,"comment_status":"closed","ping_status":"closed","template":"","meta":{"footnotes":""},"class_list":["post-8","page","type-page","status-publish","hentry"],"yoast_head":"<!-- This site is optimized with the Yoast SEO plugin v19.7.1 - https:\/\/yoast.com\/wordpress\/plugins\/seo\/ -->\n<title>Kontakt - Sch\u00f6n28 - der Initiativenladen<\/title>\n<meta name=\"robots\" content=\"index, follow, max-snippet:-1, max-image-preview:large, max-video-preview:-1\" \/>\n<link rel=\"canonical\" href=\"https:\/\/gutleut.org\/schoen28\/index.php\/kontakt\/\" \/>\n<meta property=\"og:locale\" content=\"de_DE\" \/>\n<meta property=\"og:type\" content=\"article\" \/>\n<meta property=\"og:title\" content=\"Kontakt - Sch\u00f6n28 - der Initiativenladen\" \/>\n<meta property=\"og:description\" content=\"InitiativenLaden Sch\u00f6n28Sch\u00f6nstr. 2860327 Frankfurt\/Main Spendenkonto:Konto: Libertad!IBAN: DE64 4306 0967 8020 0685 00BIC: GENODEM1GLSZweck: Sch\u00f6n28-Spende Wenn du mit uns Kontakt aufnehmen willst. schreibe uns eine Nachricht:\" \/>\n<meta property=\"og:url\" content=\"https:\/\/gutleut.org\/schoen28\/index.php\/kontakt\/\" \/>\n<meta property=\"og:site_name\" content=\"Sch\u00f6n28 - der Initiativenladen\" \/>\n<meta property=\"article:modified_time\" content=\"2021-12-09T09:57:34+00:00\" \/>\n<meta name=\"twitter:card\" content=\"summary_large_image\" \/>\n<meta name=\"twitter:label1\" content=\"Gesch\u00e4tzte Lesezeit\" \/>\n\t<meta name=\"twitter:data1\" content=\"1\u00a0Minute\" \/>\n<script type=\"application\/ld+json\" class=\"yoast-schema-graph\">{\"@context\":\"https:\/\/schema.org\",\"@graph\":[{\"@type\":\"WebPage\",\"@id\":\"https:\/\/gutleut.org\/schoen28\/index.php\/kontakt\/\",\"url\":\"https:\/\/gutleut.org\/schoen28\/index.php\/kontakt\/\",\"name\":\"Kontakt - Sch\u00f6n28 - der Initiativenladen\",\"isPartOf\":{\"@id\":\"https:\/\/gutleut.org\/schoen28\/#website\"},\"datePublished\":\"2021-12-01T09:51:08+00:00\",\"dateModified\":\"2021-12-09T09:57:34+00:00\",\"breadcrumb\":{\"@id\":\"https:\/\/gutleut.org\/schoen28\/index.php\/kontakt\/#breadcrumb\"},\"inLanguage\":\"de\",\"potentialAction\":[{\"@type\":\"ReadAction\",\"target\":[\"https:\/\/gutleut.org\/schoen28\/index.php\/kontakt\/\"]}]},{\"@type\":\"BreadcrumbList\",\"@id\":\"https:\/\/gutleut.org\/schoen28\/index.php\/kontakt\/#breadcrumb\",\"itemListElement\":[{\"@type\":\"ListItem\",\"position\":1,\"name\":\"Startseite\",\"item\":\"https:\/\/gutleut.org\/schoen28\/\"},{\"@type\":\"ListItem\",\"position\":2,\"name\":\"Kontakt\"}]},{\"@type\":\"WebSite\",\"@id\":\"https:\/\/gutleut.org\/schoen28\/#website\",\"url\":\"https:\/\/gutleut.org\/schoen28\/\",\"name\":\"Sch\u00f6n28 - der Initiativenladen\",\"description\":\"links.unten.bewegt\",\"potentialAction\":[{\"@type\":\"SearchAction\",\"target\":{\"@type\":\"EntryPoint\",\"urlTemplate\":\"https:\/\/gutleut.org\/schoen28\/?s={search_term_string}\"},\"query-input\":\"required name=search_term_string\"}],\"inLanguage\":\"de\"}]}<\/script>\n<!-- \/ Yoast SEO plugin. -->","yoast_head_json":{"title":"Kontakt - Sch\u00f6n28 - der Initiativenladen","robots":{"index":"index","follow":"follow","max-snippet":"max-snippet:-1","max-image-preview":"max-image-preview:large","max-video-preview":"max-video-preview:-1"},"canonical":"https:\/\/gutleut.org\/schoen28\/index.php\/kontakt\/","og_locale":"de_DE","og_type":"article","og_title":"Kontakt - Sch\u00f6n28 - der Initiativenladen","og_description":"InitiativenLaden Sch\u00f6n28Sch\u00f6nstr. 2860327 Frankfurt\/Main Spendenkonto:Konto: Libertad!IBAN: DE64 4306 0967 8020 0685 00BIC: GENODEM1GLSZweck: Sch\u00f6n28-Spende Wenn du mit uns Kontakt aufnehmen willst. schreibe uns eine Nachricht:","og_url":"https:\/\/gutleut.org\/schoen28\/index.php\/kontakt\/","og_site_name":"Sch\u00f6n28 - der Initiativenladen","article_modified_time":"2021-12-09T09:57:34+00:00","twitter_card":"summary_large_image","twitter_misc":{"Gesch\u00e4tzte Lesezeit":"1\u00a0Minute"},"schema":{"@context":"https:\/\/schema.org","@graph":[{"@type":"WebPage","@id":"https:\/\/gutleut.org\/schoen28\/index.php\/kontakt\/","url":"https:\/\/gutleut.org\/schoen28\/index.php\/kontakt\/","name":"Kontakt - Sch\u00f6n28 - der Initiativenladen","isPartOf":{"@id":"https:\/\/gutleut.org\/schoen28\/#website"},"datePublished":"2021-12-01T09:51:08+00:00","dateModified":"2021-12-09T09:57:34+00:00","breadcrumb":{"@id":"https:\/\/gutleut.org\/schoen28\/index.php\/kontakt\/#breadcrumb"},"inLanguage":"de","potentialAction":[{"@type":"ReadAction","target":["https:\/\/gutleut.org\/schoen28\/index.php\/kontakt\/"]}]},{"@type":"BreadcrumbList","@id":"https:\/\/gutleut.org\/schoen28\/index.php\/kontakt\/#breadcrumb","itemListElement":[{"@type":"ListItem","position":1,"name":"Startseite","item":"https:\/\/gutleut.org\/schoen28\/"},{"@type":"ListItem","position":2,"name":"Kontakt"}]},{"@type":"WebSite","@id":"https:\/\/gutleut.org\/schoen28\/#website","url":"https:\/\/gutleut.org\/schoen28\/","name":"Sch\u00f6n28 - der Initiativenladen","description":"links.unten.bewegt","potentialAction":[{"@type":"SearchAction","target":{"@type":"EntryPoint","urlTemplate":"https:\/\/gutleut.org\/schoen28\/?s={search_term_string}"},"query-input":"required name=search_term_string"}],"inLanguage":"de"}]}},"_links":{"self":[{"href":"https:\/\/gutleut.org\/schoen28\/index.php\/wp-json\/wp\/v2\/pages\/8","targetHints":{"allow":["GET"]}}],"collection":[{"href":"https:\/\/gutleut.org\/schoen28\/index.php\/wp-json\/wp\/v2\/pages"}],"about":[{"href":"https:\/\/gutleut.org\/schoen28\/index.php\/wp-json\/wp\/v2\/types\/page"}],"author":[{"embeddable":true,"href":"https:\/\/gutleut.org\/schoen28\/index.php\/wp-json\/wp\/v2\/users\/1"}],"replies":[{"embeddable":true,"href":"https:\/\/gutleut.org\/schoen28\/index.php\/wp-json\/wp\/v2\/comments?post=8"}],"version-history":[{"count":5,"href":"https:\/\/gutleut.org\/schoen28\/index.php\/wp-json\/wp\/v2\/pages\/8\/revisions"}],"predecessor-version":[{"id":65,"href":"https:\/\/gutleut.org\/schoen28\/index.php\/wp-json\/wp\/v2\/pages\/8\/revisions\/65"}],"wp:attachment":[{"href":"https:\/\/gutleut.org\/schoen28\/index.php\/wp-json\/wp\/v2\/media?parent=8"}],"curies":[{"name":"wp","href":"https:\/\/api.w.org\/{rel}","templated":true}]}}