{"id":7,"date":"2021-12-01T09:51:08","date_gmt":"2021-12-01T09:51:08","guid":{"rendered":"https:\/\/gutleut.org\/schoen28\/?page_id=7"},"modified":"2021-12-01T13:42:16","modified_gmt":"2021-12-01T13:42:16","slug":"ueber-uns","status":"publish","type":"page","link":"https:\/\/gutleut.org\/schoen28\/index.php\/ueber-uns\/","title":{"rendered":"\u00dcber uns"},"content":{"rendered":"\n<p><strong>Sch\u00f6n28<\/strong> wird betrieben von linken Gruppen und Initiativen im Stadtteil. Wir haben das gemeinsame Interesse, einen linken Ort sichtbar im Stadtteil zu haben und f\u00fcr emanzipatorische Projekte zur Verf\u00fcgung zu stellen.<br><br>Der Raum wird genutzt f\u00fcr interne Treffen und Arbeitsgruppen und f\u00fcr \u00f6ffentliche Veranstaltungen und Events. So k\u00f6nnen z.B. auch Ausstellungen gezeigt werden.<\/p>\n\n\n\n<p>Beteiligt sind bisher diese Gruppen und Initiativen:<\/p>\n\n\n\n<p><\/p>\n\n\n\n<p><\/p>\n","protected":false},"excerpt":{"rendered":"<p>Sch\u00f6n28 wird betrieben von linken Gruppen und Initiativen im Stadtteil. Wir haben das gemeinsame Interesse, einen linken Ort sichtbar im Stadtteil zu haben und f\u00fcr emanzipatorische Projekte zur Verf\u00fcgung zu stellen. Der Raum wird genutzt f\u00fcr interne Treffen und Arbeitsgruppen und f\u00fcr \u00f6ffentliche Veranstaltungen und Events. So k\u00f6nnen z.B. auch Ausstellungen gezeigt werden. Beteiligt sind [&hellip;]<\/p>\n","protected":false},"author":1,"featured_media":0,"parent":0,"menu_order":0,"comment_status":"closed","ping_status":"closed","template":"","meta":{"footnotes":""},"class_list":["post-7","page","type-page","status-publish","hentry"],"yoast_head":"<!-- This site is optimized with the Yoast SEO plugin v19.7.1 - https:\/\/yoast.com\/wordpress\/plugins\/seo\/ -->\n<title>\u00dcber uns - Sch\u00f6n28 - der Initiativenladen<\/title>\n<meta name=\"robots\" content=\"index, follow, max-snippet:-1, max-image-preview:large, max-video-preview:-1\" \/>\n<link rel=\"canonical\" href=\"https:\/\/gutleut.org\/schoen28\/index.php\/ueber-uns\/\" \/>\n<meta property=\"og:locale\" content=\"de_DE\" \/>\n<meta property=\"og:type\" content=\"article\" \/>\n<meta property=\"og:title\" content=\"\u00dcber uns - Sch\u00f6n28 - der Initiativenladen\" \/>\n<meta property=\"og:description\" content=\"Sch\u00f6n28 wird betrieben von linken Gruppen und Initiativen im Stadtteil. Wir haben das gemeinsame Interesse, einen linken Ort sichtbar im Stadtteil zu haben und f\u00fcr emanzipatorische Projekte zur Verf\u00fcgung zu stellen. Der Raum wird genutzt f\u00fcr interne Treffen und Arbeitsgruppen und f\u00fcr \u00f6ffentliche Veranstaltungen und Events. So k\u00f6nnen z.B. auch Ausstellungen gezeigt werden. Beteiligt sind [&hellip;]\" \/>\n<meta property=\"og:url\" content=\"https:\/\/gutleut.org\/schoen28\/index.php\/ueber-uns\/\" \/>\n<meta property=\"og:site_name\" content=\"Sch\u00f6n28 - der Initiativenladen\" \/>\n<meta property=\"article:modified_time\" content=\"2021-12-01T13:42:16+00:00\" \/>\n<meta name=\"twitter:card\" content=\"summary_large_image\" \/>\n<meta name=\"twitter:label1\" content=\"Gesch\u00e4tzte Lesezeit\" \/>\n\t<meta name=\"twitter:data1\" content=\"1\u00a0Minute\" \/>\n<script type=\"application\/ld+json\" class=\"yoast-schema-graph\">{\"@context\":\"https:\/\/schema.org\",\"@graph\":[{\"@type\":\"WebPage\",\"@id\":\"https:\/\/gutleut.org\/schoen28\/index.php\/ueber-uns\/\",\"url\":\"https:\/\/gutleut.org\/schoen28\/index.php\/ueber-uns\/\",\"name\":\"\u00dcber uns - Sch\u00f6n28 - der Initiativenladen\",\"isPartOf\":{\"@id\":\"https:\/\/gutleut.org\/schoen28\/#website\"},\"datePublished\":\"2021-12-01T09:51:08+00:00\",\"dateModified\":\"2021-12-01T13:42:16+00:00\",\"breadcrumb\":{\"@id\":\"https:\/\/gutleut.org\/schoen28\/index.php\/ueber-uns\/#breadcrumb\"},\"inLanguage\":\"de\",\"potentialAction\":[{\"@type\":\"ReadAction\",\"target\":[\"https:\/\/gutleut.org\/schoen28\/index.php\/ueber-uns\/\"]}]},{\"@type\":\"BreadcrumbList\",\"@id\":\"https:\/\/gutleut.org\/schoen28\/index.php\/ueber-uns\/#breadcrumb\",\"itemListElement\":[{\"@type\":\"ListItem\",\"position\":1,\"name\":\"Startseite\",\"item\":\"https:\/\/gutleut.org\/schoen28\/\"},{\"@type\":\"ListItem\",\"position\":2,\"name\":\"\u00dcber uns\"}]},{\"@type\":\"WebSite\",\"@id\":\"https:\/\/gutleut.org\/schoen28\/#website\",\"url\":\"https:\/\/gutleut.org\/schoen28\/\",\"name\":\"Sch\u00f6n28 - der Initiativenladen\",\"description\":\"links.unten.bewegt\",\"potentialAction\":[{\"@type\":\"SearchAction\",\"target\":{\"@type\":\"EntryPoint\",\"urlTemplate\":\"https:\/\/gutleut.org\/schoen28\/?s={search_term_string}\"},\"query-input\":\"required name=search_term_string\"}],\"inLanguage\":\"de\"}]}<\/script>\n<!-- \/ Yoast SEO plugin. -->","yoast_head_json":{"title":"\u00dcber uns - Sch\u00f6n28 - der Initiativenladen","robots":{"index":"index","follow":"follow","max-snippet":"max-snippet:-1","max-image-preview":"max-image-preview:large","max-video-preview":"max-video-preview:-1"},"canonical":"https:\/\/gutleut.org\/schoen28\/index.php\/ueber-uns\/","og_locale":"de_DE","og_type":"article","og_title":"\u00dcber uns - Sch\u00f6n28 - der Initiativenladen","og_description":"Sch\u00f6n28 wird betrieben von linken Gruppen und Initiativen im Stadtteil. Wir haben das gemeinsame Interesse, einen linken Ort sichtbar im Stadtteil zu haben und f\u00fcr emanzipatorische Projekte zur Verf\u00fcgung zu stellen. Der Raum wird genutzt f\u00fcr interne Treffen und Arbeitsgruppen und f\u00fcr \u00f6ffentliche Veranstaltungen und Events. So k\u00f6nnen z.B. auch Ausstellungen gezeigt werden. Beteiligt sind [&hellip;]","og_url":"https:\/\/gutleut.org\/schoen28\/index.php\/ueber-uns\/","og_site_name":"Sch\u00f6n28 - der Initiativenladen","article_modified_time":"2021-12-01T13:42:16+00:00","twitter_card":"summary_large_image","twitter_misc":{"Gesch\u00e4tzte Lesezeit":"1\u00a0Minute"},"schema":{"@context":"https:\/\/schema.org","@graph":[{"@type":"WebPage","@id":"https:\/\/gutleut.org\/schoen28\/index.php\/ueber-uns\/","url":"https:\/\/gutleut.org\/schoen28\/index.php\/ueber-uns\/","name":"\u00dcber uns - Sch\u00f6n28 - der Initiativenladen","isPartOf":{"@id":"https:\/\/gutleut.org\/schoen28\/#website"},"datePublished":"2021-12-01T09:51:08+00:00","dateModified":"2021-12-01T13:42:16+00:00","breadcrumb":{"@id":"https:\/\/gutleut.org\/schoen28\/index.php\/ueber-uns\/#breadcrumb"},"inLanguage":"de","potentialAction":[{"@type":"ReadAction","target":["https:\/\/gutleut.org\/schoen28\/index.php\/ueber-uns\/"]}]},{"@type":"BreadcrumbList","@id":"https:\/\/gutleut.org\/schoen28\/index.php\/ueber-uns\/#breadcrumb","itemListElement":[{"@type":"ListItem","position":1,"name":"Startseite","item":"https:\/\/gutleut.org\/schoen28\/"},{"@type":"ListItem","position":2,"name":"\u00dcber uns"}]},{"@type":"WebSite","@id":"https:\/\/gutleut.org\/schoen28\/#website","url":"https:\/\/gutleut.org\/schoen28\/","name":"Sch\u00f6n28 - der Initiativenladen","description":"links.unten.bewegt","potentialAction":[{"@type":"SearchAction","target":{"@type":"EntryPoint","urlTemplate":"https:\/\/gutleut.org\/schoen28\/?s={search_term_string}"},"query-input":"required name=search_term_string"}],"inLanguage":"de"}]}},"_links":{"self":[{"href":"https:\/\/gutleut.org\/schoen28\/index.php\/wp-json\/wp\/v2\/pages\/7","targetHints":{"allow":["GET"]}}],"collection":[{"href":"https:\/\/gutleut.org\/schoen28\/index.php\/wp-json\/wp\/v2\/pages"}],"about":[{"href":"https:\/\/gutleut.org\/schoen28\/index.php\/wp-json\/wp\/v2\/types\/page"}],"author":[{"embeddable":true,"href":"https:\/\/gutleut.org\/schoen28\/index.php\/wp-json\/wp\/v2\/users\/1"}],"replies":[{"embeddable":true,"href":"https:\/\/gutleut.org\/schoen28\/index.php\/wp-json\/wp\/v2\/comments?post=7"}],"version-history":[{"count":3,"href":"https:\/\/gutleut.org\/schoen28\/index.php\/wp-json\/wp\/v2\/pages\/7\/revisions"}],"predecessor-version":[{"id":59,"href":"https:\/\/gutleut.org\/schoen28\/index.php\/wp-json\/wp\/v2\/pages\/7\/revisions\/59"}],"wp:attachment":[{"href":"https:\/\/gutleut.org\/schoen28\/index.php\/wp-json\/wp\/v2\/media?parent=7"}],"curies":[{"name":"wp","href":"https:\/\/api.w.org\/{rel}","templated":true}]}}