{"id":51,"date":"2021-12-01T13:13:00","date_gmt":"2021-12-01T13:13:00","guid":{"rendered":"https:\/\/gutleut.org\/schoen28\/?page_id=51"},"modified":"2021-12-01T13:33:00","modified_gmt":"2021-12-01T13:33:00","slug":"raumbelegung","status":"publish","type":"page","link":"https:\/\/gutleut.org\/schoen28\/index.php\/raumbelegung\/","title":{"rendered":"Raumbelegung"},"content":{"rendered":"<p>Hier k\u00f6nnt ihr sehen, an welchen Tagen der Raum belegt ist &#8211; das meint &#8222;nicht verf\u00fcgbar&#8220;. Denn nicht \u00f6ffentliche Treffen von Initiativen und Gruppen werden nat\u00fcrlich nur anonym angezeigt. \u00d6ffentliche Veranstaltungen werden dagegen mit Titel und Zweck angezeigt.<br \/><br \/>Wenn ihr Interesse an einer einmaligen oder auch regelm\u00e4\u00dfigen Nutzung des Raumes habt, meldet euch bitte mittels des <a href=\"https:\/\/gutleut.org\/schoen28\/index.php\/kontakt\/\">Kontaktformulars<\/a><\/p>\n\n\n<iframe loading=\"lazy\" src=\"https:\/\/calendar.google.com\/calendar\/embed?src=utl4i4n5mvtgs6pdej8jc67qhs%40group.calendar.google.com&#038;ctz=Europe%2FBerlin\" style=\"border: 0\" width=\"800\" height=\"600\" frameborder=\"0\" scrolling=\"no\"><\/iframe>\n\n","protected":false},"excerpt":{"rendered":"<p>Hier k\u00f6nnt ihr sehen, an welchen Tagen der Raum belegt ist &#8211; das meint &#8222;nicht verf\u00fcgbar&#8220;. Denn nicht \u00f6ffentliche Treffen von Initiativen und Gruppen werden nat\u00fcrlich nur anonym angezeigt. \u00d6ffentliche Veranstaltungen werden dagegen mit Titel und Zweck angezeigt. Wenn ihr Interesse an einer einmaligen oder auch regelm\u00e4\u00dfigen Nutzung des Raumes habt, meldet euch bitte mittels [&hellip;]<\/p>\n","protected":false},"author":1,"featured_media":0,"parent":0,"menu_order":0,"comment_status":"closed","ping_status":"closed","template":"","meta":{"footnotes":""},"class_list":["post-51","page","type-page","status-publish","hentry"],"yoast_head":"<!-- This site is optimized with the Yoast SEO plugin v19.7.1 - https:\/\/yoast.com\/wordpress\/plugins\/seo\/ -->\n<title>Raumbelegung - Sch\u00f6n28 - der Initiativenladen<\/title>\n<meta name=\"robots\" content=\"index, follow, max-snippet:-1, max-image-preview:large, max-video-preview:-1\" \/>\n<link rel=\"canonical\" href=\"https:\/\/gutleut.org\/schoen28\/index.php\/raumbelegung\/\" \/>\n<meta property=\"og:locale\" content=\"de_DE\" \/>\n<meta property=\"og:type\" content=\"article\" \/>\n<meta property=\"og:title\" content=\"Raumbelegung - Sch\u00f6n28 - der Initiativenladen\" \/>\n<meta property=\"og:description\" content=\"Hier k\u00f6nnt ihr sehen, an welchen Tagen der Raum belegt ist &#8211; das meint &#8222;nicht verf\u00fcgbar&#8220;. Denn nicht \u00f6ffentliche Treffen von Initiativen und Gruppen werden nat\u00fcrlich nur anonym angezeigt. \u00d6ffentliche Veranstaltungen werden dagegen mit Titel und Zweck angezeigt. Wenn ihr Interesse an einer einmaligen oder auch regelm\u00e4\u00dfigen Nutzung des Raumes habt, meldet euch bitte mittels [&hellip;]\" \/>\n<meta property=\"og:url\" content=\"https:\/\/gutleut.org\/schoen28\/index.php\/raumbelegung\/\" \/>\n<meta property=\"og:site_name\" content=\"Sch\u00f6n28 - der Initiativenladen\" \/>\n<meta property=\"article:modified_time\" content=\"2021-12-01T13:33:00+00:00\" \/>\n<meta name=\"twitter:card\" content=\"summary_large_image\" \/>\n<meta name=\"twitter:label1\" content=\"Gesch\u00e4tzte Lesezeit\" \/>\n\t<meta name=\"twitter:data1\" content=\"1\u00a0Minute\" \/>\n<script type=\"application\/ld+json\" class=\"yoast-schema-graph\">{\"@context\":\"https:\/\/schema.org\",\"@graph\":[{\"@type\":\"WebPage\",\"@id\":\"https:\/\/gutleut.org\/schoen28\/index.php\/raumbelegung\/\",\"url\":\"https:\/\/gutleut.org\/schoen28\/index.php\/raumbelegung\/\",\"name\":\"Raumbelegung - Sch\u00f6n28 - der Initiativenladen\",\"isPartOf\":{\"@id\":\"https:\/\/gutleut.org\/schoen28\/#website\"},\"datePublished\":\"2021-12-01T13:13:00+00:00\",\"dateModified\":\"2021-12-01T13:33:00+00:00\",\"breadcrumb\":{\"@id\":\"https:\/\/gutleut.org\/schoen28\/index.php\/raumbelegung\/#breadcrumb\"},\"inLanguage\":\"de\",\"potentialAction\":[{\"@type\":\"ReadAction\",\"target\":[\"https:\/\/gutleut.org\/schoen28\/index.php\/raumbelegung\/\"]}]},{\"@type\":\"BreadcrumbList\",\"@id\":\"https:\/\/gutleut.org\/schoen28\/index.php\/raumbelegung\/#breadcrumb\",\"itemListElement\":[{\"@type\":\"ListItem\",\"position\":1,\"name\":\"Startseite\",\"item\":\"https:\/\/gutleut.org\/schoen28\/\"},{\"@type\":\"ListItem\",\"position\":2,\"name\":\"Raumbelegung\"}]},{\"@type\":\"WebSite\",\"@id\":\"https:\/\/gutleut.org\/schoen28\/#website\",\"url\":\"https:\/\/gutleut.org\/schoen28\/\",\"name\":\"Sch\u00f6n28 - der Initiativenladen\",\"description\":\"links.unten.bewegt\",\"potentialAction\":[{\"@type\":\"SearchAction\",\"target\":{\"@type\":\"EntryPoint\",\"urlTemplate\":\"https:\/\/gutleut.org\/schoen28\/?s={search_term_string}\"},\"query-input\":\"required name=search_term_string\"}],\"inLanguage\":\"de\"}]}<\/script>\n<!-- \/ Yoast SEO plugin. -->","yoast_head_json":{"title":"Raumbelegung - Sch\u00f6n28 - der Initiativenladen","robots":{"index":"index","follow":"follow","max-snippet":"max-snippet:-1","max-image-preview":"max-image-preview:large","max-video-preview":"max-video-preview:-1"},"canonical":"https:\/\/gutleut.org\/schoen28\/index.php\/raumbelegung\/","og_locale":"de_DE","og_type":"article","og_title":"Raumbelegung - Sch\u00f6n28 - der Initiativenladen","og_description":"Hier k\u00f6nnt ihr sehen, an welchen Tagen der Raum belegt ist &#8211; das meint &#8222;nicht verf\u00fcgbar&#8220;. Denn nicht \u00f6ffentliche Treffen von Initiativen und Gruppen werden nat\u00fcrlich nur anonym angezeigt. \u00d6ffentliche Veranstaltungen werden dagegen mit Titel und Zweck angezeigt. Wenn ihr Interesse an einer einmaligen oder auch regelm\u00e4\u00dfigen Nutzung des Raumes habt, meldet euch bitte mittels [&hellip;]","og_url":"https:\/\/gutleut.org\/schoen28\/index.php\/raumbelegung\/","og_site_name":"Sch\u00f6n28 - der Initiativenladen","article_modified_time":"2021-12-01T13:33:00+00:00","twitter_card":"summary_large_image","twitter_misc":{"Gesch\u00e4tzte Lesezeit":"1\u00a0Minute"},"schema":{"@context":"https:\/\/schema.org","@graph":[{"@type":"WebPage","@id":"https:\/\/gutleut.org\/schoen28\/index.php\/raumbelegung\/","url":"https:\/\/gutleut.org\/schoen28\/index.php\/raumbelegung\/","name":"Raumbelegung - Sch\u00f6n28 - der Initiativenladen","isPartOf":{"@id":"https:\/\/gutleut.org\/schoen28\/#website"},"datePublished":"2021-12-01T13:13:00+00:00","dateModified":"2021-12-01T13:33:00+00:00","breadcrumb":{"@id":"https:\/\/gutleut.org\/schoen28\/index.php\/raumbelegung\/#breadcrumb"},"inLanguage":"de","potentialAction":[{"@type":"ReadAction","target":["https:\/\/gutleut.org\/schoen28\/index.php\/raumbelegung\/"]}]},{"@type":"BreadcrumbList","@id":"https:\/\/gutleut.org\/schoen28\/index.php\/raumbelegung\/#breadcrumb","itemListElement":[{"@type":"ListItem","position":1,"name":"Startseite","item":"https:\/\/gutleut.org\/schoen28\/"},{"@type":"ListItem","position":2,"name":"Raumbelegung"}]},{"@type":"WebSite","@id":"https:\/\/gutleut.org\/schoen28\/#website","url":"https:\/\/gutleut.org\/schoen28\/","name":"Sch\u00f6n28 - der Initiativenladen","description":"links.unten.bewegt","potentialAction":[{"@type":"SearchAction","target":{"@type":"EntryPoint","urlTemplate":"https:\/\/gutleut.org\/schoen28\/?s={search_term_string}"},"query-input":"required name=search_term_string"}],"inLanguage":"de"}]}},"_links":{"self":[{"href":"https:\/\/gutleut.org\/schoen28\/index.php\/wp-json\/wp\/v2\/pages\/51","targetHints":{"allow":["GET"]}}],"collection":[{"href":"https:\/\/gutleut.org\/schoen28\/index.php\/wp-json\/wp\/v2\/pages"}],"about":[{"href":"https:\/\/gutleut.org\/schoen28\/index.php\/wp-json\/wp\/v2\/types\/page"}],"author":[{"embeddable":true,"href":"https:\/\/gutleut.org\/schoen28\/index.php\/wp-json\/wp\/v2\/users\/1"}],"replies":[{"embeddable":true,"href":"https:\/\/gutleut.org\/schoen28\/index.php\/wp-json\/wp\/v2\/comments?post=51"}],"version-history":[{"count":2,"href":"https:\/\/gutleut.org\/schoen28\/index.php\/wp-json\/wp\/v2\/pages\/51\/revisions"}],"predecessor-version":[{"id":54,"href":"https:\/\/gutleut.org\/schoen28\/index.php\/wp-json\/wp\/v2\/pages\/51\/revisions\/54"}],"wp:attachment":[{"href":"https:\/\/gutleut.org\/schoen28\/index.php\/wp-json\/wp\/v2\/media?parent=51"}],"curies":[{"name":"wp","href":"https:\/\/api.w.org\/{rel}","templated":true}]}}