{"id":2,"date":"2021-12-01T09:44:01","date_gmt":"2021-12-01T09:44:01","guid":{"rendered":"https:\/\/gutleut.org\/schoen28\/?page_id=2"},"modified":"2022-04-07T05:49:40","modified_gmt":"2022-04-07T05:49:40","slug":"sample-page","status":"publish","type":"page","link":"https:\/\/gutleut.org\/schoen28\/index.php\/sample-page\/","title":{"rendered":"Schaufenster"},"content":{"rendered":"<ul class=\"wp-block-latest-posts__list has-dates wp-block-latest-posts\"><li><div class=\"wp-block-latest-posts__featured-image\"><a href=\"https:\/\/gutleut.org\/schoen28\/index.php\/2022\/04\/07\/antimilitaristische-raddemo-beim-ostermarsch-2022\/\" aria-label=\"Antimilitaristische Raddemo beim Ostermarsch 2022\"><img loading=\"lazy\" decoding=\"async\" width=\"1024\" height=\"768\" src=\"https:\/\/gutleut.org\/schoen28\/wp-content\/uploads\/2022\/04\/signal-2022-04-06-123432_001-1024x768.jpeg\" class=\"attachment-large size-large wp-post-image\" alt=\"\" style=\"\" srcset=\"https:\/\/gutleut.org\/schoen28\/wp-content\/uploads\/2022\/04\/signal-2022-04-06-123432_001-1024x768.jpeg 1024w, https:\/\/gutleut.org\/schoen28\/wp-content\/uploads\/2022\/04\/signal-2022-04-06-123432_001-300x225.jpeg 300w, https:\/\/gutleut.org\/schoen28\/wp-content\/uploads\/2022\/04\/signal-2022-04-06-123432_001-768x576.jpeg 768w, https:\/\/gutleut.org\/schoen28\/wp-content\/uploads\/2022\/04\/signal-2022-04-06-123432_001-1536x1152.jpeg 1536w, https:\/\/gutleut.org\/schoen28\/wp-content\/uploads\/2022\/04\/signal-2022-04-06-123432_001.jpeg 2048w\" sizes=\"auto, (max-width: 1024px) 100vw, 1024px\" \/><\/a><\/div><a class=\"wp-block-latest-posts__post-title\" href=\"https:\/\/gutleut.org\/schoen28\/index.php\/2022\/04\/07\/antimilitaristische-raddemo-beim-ostermarsch-2022\/\">Antimilitaristische Raddemo beim Ostermarsch 2022<\/a><time datetime=\"2022-04-07T05:29:58+00:00\" class=\"wp-block-latest-posts__post-date\">7. April 2022<\/time><div class=\"wp-block-latest-posts__post-excerpt\">Die Waffen nieder! Stoppt den Krieg in der Ukraine! Von der BAFA\/Eschborn zum R\u00f6mer\/Frankfurt Ostermarsch auf R\u00e4dernMontag, 18. April 2022, 10:30 UhrBAFA, Frankfurter Stra\u00dfe, Eschborn Der Angriffskrieg des russischen Staates auf die Ukraine ist eine Katastrophe \u2013 f\u00fcr die Menschen in der Ukraine, die vor den Kampfhandlungen fliehen m\u00fcssen, f\u00fcr Menschen, die aufgrund von Hautfarbe und Herkunft nur Fl\u00fcchtende zweiter Klasse sind. Er ist eine Katastrophe f\u00fcr M\u00e4nner und Transpersonen im sogenannt wehrf\u00e4higen Alter, die zwangsrekrutiert und in den Krieg geschickt werden oder sich dem widersetzen; f\u00fcr viele Frauen, Flinta und Kinder, die nun Gewalt, Zwangsprostitution und Rechtlosigkeit ausgesetzt sein\u2026\u00a0<a class=\"wp-block-latest-posts__read-more\" href=\"https:\/\/gutleut.org\/schoen28\/index.php\/2022\/04\/07\/antimilitaristische-raddemo-beim-ostermarsch-2022\/\" rel=\"noopener noreferrer\"><span class=\"screen-reader-text\">Antimilitaristische Raddemo beim Ostermarsch 2022 <\/span>weiterlesen<\/a><\/div><\/li>\n<\/ul>\n\n\n<p><\/p>\n\n\n\n<p>\/<\/p>\n","protected":false},"excerpt":{"rendered":"<p>\/<\/p>\n","protected":false},"author":1,"featured_media":0,"parent":0,"menu_order":0,"comment_status":"closed","ping_status":"open","template":"","meta":{"footnotes":""},"class_list":["post-2","page","type-page","status-publish","hentry"],"yoast_head":"<!-- This site is optimized with the Yoast SEO plugin v19.7.1 - https:\/\/yoast.com\/wordpress\/plugins\/seo\/ -->\n<title>Schaufenster - Sch\u00f6n28 - der Initiativenladen<\/title>\n<meta name=\"robots\" content=\"index, follow, max-snippet:-1, max-image-preview:large, max-video-preview:-1\" \/>\n<link rel=\"canonical\" href=\"https:\/\/gutleut.org\/schoen28\/index.php\/sample-page\/\" \/>\n<meta property=\"og:locale\" content=\"de_DE\" \/>\n<meta property=\"og:type\" content=\"article\" \/>\n<meta property=\"og:title\" content=\"Schaufenster - Sch\u00f6n28 - der Initiativenladen\" \/>\n<meta property=\"og:description\" content=\"\/\" \/>\n<meta property=\"og:url\" content=\"https:\/\/gutleut.org\/schoen28\/index.php\/sample-page\/\" \/>\n<meta property=\"og:site_name\" content=\"Sch\u00f6n28 - der Initiativenladen\" \/>\n<meta property=\"article:modified_time\" content=\"2022-04-07T05:49:40+00:00\" \/>\n<meta name=\"twitter:card\" content=\"summary_large_image\" \/>\n<meta name=\"twitter:label1\" content=\"Gesch\u00e4tzte Lesezeit\" \/>\n\t<meta name=\"twitter:data1\" content=\"1\u00a0Minute\" \/>\n<script type=\"application\/ld+json\" class=\"yoast-schema-graph\">{\"@context\":\"https:\/\/schema.org\",\"@graph\":[{\"@type\":\"WebPage\",\"@id\":\"https:\/\/gutleut.org\/schoen28\/index.php\/sample-page\/\",\"url\":\"https:\/\/gutleut.org\/schoen28\/index.php\/sample-page\/\",\"name\":\"Schaufenster - Sch\u00f6n28 - der Initiativenladen\",\"isPartOf\":{\"@id\":\"https:\/\/gutleut.org\/schoen28\/#website\"},\"datePublished\":\"2021-12-01T09:44:01+00:00\",\"dateModified\":\"2022-04-07T05:49:40+00:00\",\"breadcrumb\":{\"@id\":\"https:\/\/gutleut.org\/schoen28\/index.php\/sample-page\/#breadcrumb\"},\"inLanguage\":\"de\",\"potentialAction\":[{\"@type\":\"ReadAction\",\"target\":[\"https:\/\/gutleut.org\/schoen28\/index.php\/sample-page\/\"]}]},{\"@type\":\"BreadcrumbList\",\"@id\":\"https:\/\/gutleut.org\/schoen28\/index.php\/sample-page\/#breadcrumb\",\"itemListElement\":[{\"@type\":\"ListItem\",\"position\":1,\"name\":\"Startseite\",\"item\":\"https:\/\/gutleut.org\/schoen28\/\"},{\"@type\":\"ListItem\",\"position\":2,\"name\":\"Schaufenster\"}]},{\"@type\":\"WebSite\",\"@id\":\"https:\/\/gutleut.org\/schoen28\/#website\",\"url\":\"https:\/\/gutleut.org\/schoen28\/\",\"name\":\"Sch\u00f6n28 - der Initiativenladen\",\"description\":\"links.unten.bewegt\",\"potentialAction\":[{\"@type\":\"SearchAction\",\"target\":{\"@type\":\"EntryPoint\",\"urlTemplate\":\"https:\/\/gutleut.org\/schoen28\/?s={search_term_string}\"},\"query-input\":\"required name=search_term_string\"}],\"inLanguage\":\"de\"}]}<\/script>\n<!-- \/ Yoast SEO plugin. -->","yoast_head_json":{"title":"Schaufenster - Sch\u00f6n28 - der Initiativenladen","robots":{"index":"index","follow":"follow","max-snippet":"max-snippet:-1","max-image-preview":"max-image-preview:large","max-video-preview":"max-video-preview:-1"},"canonical":"https:\/\/gutleut.org\/schoen28\/index.php\/sample-page\/","og_locale":"de_DE","og_type":"article","og_title":"Schaufenster - Sch\u00f6n28 - der Initiativenladen","og_description":"\/","og_url":"https:\/\/gutleut.org\/schoen28\/index.php\/sample-page\/","og_site_name":"Sch\u00f6n28 - der Initiativenladen","article_modified_time":"2022-04-07T05:49:40+00:00","twitter_card":"summary_large_image","twitter_misc":{"Gesch\u00e4tzte Lesezeit":"1\u00a0Minute"},"schema":{"@context":"https:\/\/schema.org","@graph":[{"@type":"WebPage","@id":"https:\/\/gutleut.org\/schoen28\/index.php\/sample-page\/","url":"https:\/\/gutleut.org\/schoen28\/index.php\/sample-page\/","name":"Schaufenster - Sch\u00f6n28 - der Initiativenladen","isPartOf":{"@id":"https:\/\/gutleut.org\/schoen28\/#website"},"datePublished":"2021-12-01T09:44:01+00:00","dateModified":"2022-04-07T05:49:40+00:00","breadcrumb":{"@id":"https:\/\/gutleut.org\/schoen28\/index.php\/sample-page\/#breadcrumb"},"inLanguage":"de","potentialAction":[{"@type":"ReadAction","target":["https:\/\/gutleut.org\/schoen28\/index.php\/sample-page\/"]}]},{"@type":"BreadcrumbList","@id":"https:\/\/gutleut.org\/schoen28\/index.php\/sample-page\/#breadcrumb","itemListElement":[{"@type":"ListItem","position":1,"name":"Startseite","item":"https:\/\/gutleut.org\/schoen28\/"},{"@type":"ListItem","position":2,"name":"Schaufenster"}]},{"@type":"WebSite","@id":"https:\/\/gutleut.org\/schoen28\/#website","url":"https:\/\/gutleut.org\/schoen28\/","name":"Sch\u00f6n28 - der Initiativenladen","description":"links.unten.bewegt","potentialAction":[{"@type":"SearchAction","target":{"@type":"EntryPoint","urlTemplate":"https:\/\/gutleut.org\/schoen28\/?s={search_term_string}"},"query-input":"required name=search_term_string"}],"inLanguage":"de"}]}},"_links":{"self":[{"href":"https:\/\/gutleut.org\/schoen28\/index.php\/wp-json\/wp\/v2\/pages\/2","targetHints":{"allow":["GET"]}}],"collection":[{"href":"https:\/\/gutleut.org\/schoen28\/index.php\/wp-json\/wp\/v2\/pages"}],"about":[{"href":"https:\/\/gutleut.org\/schoen28\/index.php\/wp-json\/wp\/v2\/types\/page"}],"author":[{"embeddable":true,"href":"https:\/\/gutleut.org\/schoen28\/index.php\/wp-json\/wp\/v2\/users\/1"}],"replies":[{"embeddable":true,"href":"https:\/\/gutleut.org\/schoen28\/index.php\/wp-json\/wp\/v2\/comments?post=2"}],"version-history":[{"count":8,"href":"https:\/\/gutleut.org\/schoen28\/index.php\/wp-json\/wp\/v2\/pages\/2\/revisions"}],"predecessor-version":[{"id":99,"href":"https:\/\/gutleut.org\/schoen28\/index.php\/wp-json\/wp\/v2\/pages\/2\/revisions\/99"}],"wp:attachment":[{"href":"https:\/\/gutleut.org\/schoen28\/index.php\/wp-json\/wp\/v2\/media?parent=2"}],"curies":[{"name":"wp","href":"https:\/\/api.w.org\/{rel}","templated":true}]}}